{"id":334,"date":"2018-04-30T11:34:44","date_gmt":"2018-04-30T09:34:44","guid":{"rendered":"http:\/\/finetune.hu\/dev\/pp\/szolgaltatasok\/"},"modified":"2018-05-18T13:26:44","modified_gmt":"2018-05-18T11:26:44","slug":"szolgaltatasok","status":"publish","type":"page","link":"https:\/\/www.proplan.hu\/de\/szolgaltatasok\/","title":{"rendered":"Dienstleistungen"},"content":{"rendered":"<p>Schauen Sie sich unsere Hauptt\u00e4tigkeiten an, mit denen wir auch Ihnen zur Seite stehen k\u00f6nnen! Wenden Sie sich auch dann an uns, wenn Sie ein Problem haben, das nicht von den genannten Dienstleistungen behoben werden kann. Wir sehen es als unsere Mission, auch in solchen F\u00e4llen L\u00f6sungen zu finden, indem wir auf unser Fachwissen bauen oder zuverl\u00e4ssige Partner einbeziehen.<\/p>\n","protected":false},"excerpt":{"rendered":"<p>Schauen Sie sich unsere Hauptt\u00e4tigkeiten an, mit denen wir auch Ihnen zur Seite stehen k\u00f6nnen! Wenden Sie sich auch dann an uns, wenn Sie ein Problem haben, das nicht von den genannten Dienstleistungen behoben werden kann. Wir sehen es als unsere Mission, auch in solchen F\u00e4llen L\u00f6sungen zu finden, indem wir auf unser Fachwissen bauen [&hellip;]<\/p>\n","protected":false},"author":1,"featured_media":0,"parent":0,"menu_order":0,"comment_status":"closed","ping_status":"closed","template":"szolgaltatasok.php","meta":{"footnotes":""},"class_list":["post-334","page","type-page","status-publish","hentry"],"_links":{"self":[{"href":"https:\/\/www.proplan.hu\/de\/wp-json\/wp\/v2\/pages\/334","targetHints":{"allow":["GET"]}}],"collection":[{"href":"https:\/\/www.proplan.hu\/de\/wp-json\/wp\/v2\/pages"}],"about":[{"href":"https:\/\/www.proplan.hu\/de\/wp-json\/wp\/v2\/types\/page"}],"author":[{"embeddable":true,"href":"https:\/\/www.proplan.hu\/de\/wp-json\/wp\/v2\/users\/1"}],"replies":[{"embeddable":true,"href":"https:\/\/www.proplan.hu\/de\/wp-json\/wp\/v2\/comments?post=334"}],"version-history":[{"count":4,"href":"https:\/\/www.proplan.hu\/de\/wp-json\/wp\/v2\/pages\/334\/revisions"}],"predecessor-version":[{"id":559,"href":"https:\/\/www.proplan.hu\/de\/wp-json\/wp\/v2\/pages\/334\/revisions\/559"}],"wp:attachment":[{"href":"https:\/\/www.proplan.hu\/de\/wp-json\/wp\/v2\/media?parent=334"}],"curies":[{"name":"wp","href":"https:\/\/api.w.org\/{rel}","templated":true}]}}